{"id":614,"date":"2024-03-29T10:10:20","date_gmt":"2024-03-29T10:10:20","guid":{"rendered":"https:\/\/eyedown.org\/?page_id=614"},"modified":"2024-05-24T21:46:42","modified_gmt":"2024-05-24T21:46:42","slug":"privacy-policy","status":"publish","type":"page","link":"https:\/\/eyedown.org\/es\/privacy-policy\/","title":{"rendered":"Pol\u00edtica de privacidad"},"content":{"rendered":"<div data-elementor-type=\"wp-page\" data-elementor-id=\"614\" class=\"elementor elementor-614\" data-elementor-settings=\"{&quot;element_pack_global_tooltip_width&quot;:{&quot;unit&quot;:&quot;px&quot;,&quot;size&quot;:&quot;&quot;,&quot;sizes&quot;:[]},&quot;element_pack_global_tooltip_width_tablet&quot;:{&quot;unit&quot;:&quot;px&quot;,&quot;size&quot;:&quot;&quot;,&quot;sizes&quot;:[]},&quot;element_pack_global_tooltip_width_mobile&quot;:{&quot;unit&quot;:&quot;px&quot;,&quot;size&quot;:&quot;&quot;,&quot;sizes&quot;:[]},&quot;element_pack_global_tooltip_padding&quot;:{&quot;unit&quot;:&quot;px&quot;,&quot;top&quot;:&quot;&quot;,&quot;right&quot;:&quot;&quot;,&quot;bottom&quot;:&quot;&quot;,&quot;left&quot;:&quot;&quot;,&quot;isLinked&quot;:true},&quot;element_pack_global_tooltip_padding_tablet&quot;:{&quot;unit&quot;:&quot;px&quot;,&quot;top&quot;:&quot;&quot;,&quot;right&quot;:&quot;&quot;,&quot;bottom&quot;:&quot;&quot;,&quot;left&quot;:&quot;&quot;,&quot;isLinked&quot;:true},&quot;element_pack_global_tooltip_padding_mobile&quot;:{&quot;unit&quot;:&quot;px&quot;,&quot;top&quot;:&quot;&quot;,&quot;right&quot;:&quot;&quot;,&quot;bottom&quot;:&quot;&quot;,&quot;left&quot;:&quot;&quot;,&quot;isLinked&quot;:true},&quot;element_pack_global_tooltip_border_radius&quot;:{&quot;unit&quot;:&quot;px&quot;,&quot;top&quot;:&quot;&quot;,&quot;right&quot;:&quot;&quot;,&quot;bottom&quot;:&quot;&quot;,&quot;left&quot;:&quot;&quot;,&quot;isLinked&quot;:true},&quot;element_pack_global_tooltip_border_radius_tablet&quot;:{&quot;unit&quot;:&quot;px&quot;,&quot;top&quot;:&quot;&quot;,&quot;right&quot;:&quot;&quot;,&quot;bottom&quot;:&quot;&quot;,&quot;left&quot;:&quot;&quot;,&quot;isLinked&quot;:true},&quot;element_pack_global_tooltip_border_radius_mobile&quot;:{&quot;unit&quot;:&quot;px&quot;,&quot;top&quot;:&quot;&quot;,&quot;right&quot;:&quot;&quot;,&quot;bottom&quot;:&quot;&quot;,&quot;left&quot;:&quot;&quot;,&quot;isLinked&quot;:true}}\" data-elementor-post-type=\"page\">\n\t\t\t\t<div class=\"elementor-element elementor-element-d367ad7 e-flex e-con-boxed elementor-invisible e-con e-parent\" data-id=\"d367ad7\" data-element_type=\"container\" data-settings=\"{&quot;background_background&quot;:&quot;gradient&quot;,&quot;animation&quot;:&quot;fadeInUp&quot;}\">\n\t\t\t\t\t<div class=\"e-con-inner\">\n\t\t\t\t<div class=\"elementor-element elementor-element-09b622f elementor-widget__width-initial elementor-widget elementor-widget-heading\" data-id=\"09b622f\" data-element_type=\"widget\" data-widget_type=\"heading.default\">\n\t\t\t\t<div class=\"elementor-widget-container\">\n\t\t\t\t\t<h3 class=\"elementor-heading-title elementor-size-default\">Pol\u00edtica de privacidad y condiciones de EyeDown<\/h3>\t\t\t\t<\/div>\n\t\t\t\t<\/div>\n\t\t\t\t<div class=\"elementor-element elementor-element-80d524b elementor-widget__width-initial elementor-widget-tablet__width-initial elementor-widget-mobile__width-inherit elementor-invisible elementor-widget elementor-widget-text-editor\" data-id=\"80d524b\" data-element_type=\"widget\" data-settings=\"{&quot;_animation&quot;:&quot;fadeInUp&quot;,&quot;_animation_delay&quot;:500}\" data-widget_type=\"text-editor.default\">\n\t\t\t\t<div class=\"elementor-widget-container\">\n\t\t\t\t\t\t\t\t\t<p>En EyeDown, nuestra misi\u00f3n es proporcionar un entorno en l\u00ednea seguro y completamente an\u00f3nimo. Nuestro enfoque se basa en tecnolog\u00edas de vanguardia que garantizan no solo la seguridad, sino tambi\u00e9n el respeto total de la privacidad de nuestros usuarios sin comprometer el rendimiento de nuestros servicios.<\/p>\t\t\t\t\t\t\t\t<\/div>\n\t\t\t\t<\/div>\n\t\t\t\t\t<\/div>\n\t\t\t\t<\/div>\n\t\t<div class=\"elementor-element elementor-element-08cb372 e-flex e-con-boxed e-con e-parent\" data-id=\"08cb372\" data-element_type=\"container\">\n\t\t\t\t\t<div class=\"e-con-inner\">\n\t\t\t\t<div class=\"elementor-element elementor-element-71e7102 elementor-widget__width-initial elementor-invisible elementor-widget elementor-widget-heading\" data-id=\"71e7102\" data-element_type=\"widget\" data-settings=\"{&quot;_animation&quot;:&quot;fadeInUp&quot;}\" data-widget_type=\"heading.default\">\n\t\t\t\t<div class=\"elementor-widget-container\">\n\t\t\t\t\t<h4 class=\"elementor-heading-title elementor-size-default\">Pol\u00edtica de privacidad<\/h4>\t\t\t\t<\/div>\n\t\t\t\t<\/div>\n\t\t\t\t<div class=\"elementor-element elementor-element-605bac7 elementor-widget elementor-widget-text-editor\" data-id=\"605bac7\" data-element_type=\"widget\" data-widget_type=\"text-editor.default\">\n\t\t\t\t<div class=\"elementor-widget-container\">\n\t\t\t\t\t\t\t\t\t<p><strong>En EyeDown, su privacidad es nuestra principal preocupaci\u00f3n.<\/strong> Hemos creado nuestros servicios en torno a un estricto <strong>pol\u00edtica de cero registros<\/strong>garantizando que no se recopile, almacene ni analice ning\u00fan dato personal. Nuestro compromiso es ofrecer un <strong>an\u00f3nimo<\/strong> entorno en l\u00ednea en el que sus actividades permanecen completamente privadas. A trav\u00e9s de medidas de seguridad avanzadas y actualizaciones continuas, garantizamos que su presencia digital sea imposible de rastrear y est\u00e9 a salvo de accesos no autorizados. EyeDown se mantiene firme en la transparencia y defiende los m\u00e1s altos est\u00e1ndares en <strong>protecci\u00f3n de la intimidad<\/strong>para que pueda navegar con total tranquilidad.<\/p>\t\t\t\t\t\t\t\t<\/div>\n\t\t\t\t<\/div>\n\t\t\t\t<div class=\"elementor-element elementor-element-8e5de02 elementor-widget__width-initial elementor-widget elementor-widget-heading\" data-id=\"8e5de02\" data-element_type=\"widget\" data-widget_type=\"heading.default\">\n\t\t\t\t<div class=\"elementor-widget-container\">\n\t\t\t\t\t<h5 class=\"elementor-heading-title elementor-size-default\">1. Compromiso de confidencialidad total<\/h5>\t\t\t\t<\/div>\n\t\t\t\t<\/div>\n\t\t\t\t<div class=\"elementor-element elementor-element-71e6527 elementor-widget elementor-widget-text-editor\" data-id=\"71e6527\" data-element_type=\"widget\" data-widget_type=\"text-editor.default\">\n\t\t\t\t<div class=\"elementor-widget-container\">\n\t\t\t\t\t\t\t\t\t<p><strong>Recogida de datos :<\/strong> EyeDown mantiene una pol\u00edtica de recopilaci\u00f3n de datos cero. No se recopilan datos personales, lo que refuerza nuestro compromiso de no rastrear, registrar ni analizar de ninguna forma las actividades de los usuarios. Desactivamos y configuramos todos los protocolos intrusivos de Windows, desactivamos la recopilaci\u00f3n de datos por parte de las aplicaciones y el sistema operativo, y anonimizamos las conexiones para evitar cualquier seguimiento o recopilaci\u00f3n de datos.<\/p><p><strong>Uso de datos :<\/strong> En ausencia de recogida de datos, no hay posibilidad de utilizarlos para la elaboraci\u00f3n de perfiles o cualquier otra forma de an\u00e1lisis. Este enfoque garantiza que las operaciones de los usuarios sigan siendo privadas y totalmente an\u00f3nimas. Garantizamos que su navegaci\u00f3n por Internet siga siendo totalmente confidencial, sin vigilancia ni grabaci\u00f3n.<\/p>\t\t\t\t\t\t\t\t<\/div>\n\t\t\t\t<\/div>\n\t\t\t\t<div class=\"elementor-element elementor-element-202a27f elementor-widget__width-initial elementor-widget elementor-widget-heading\" data-id=\"202a27f\" data-element_type=\"widget\" data-widget_type=\"heading.default\">\n\t\t\t\t<div class=\"elementor-widget-container\">\n\t\t\t\t\t<h5 class=\"elementor-heading-title elementor-size-default\">2. Seguridad de los datos<\/h5>\t\t\t\t<\/div>\n\t\t\t\t<\/div>\n\t\t\t\t<div class=\"elementor-element elementor-element-e594864 elementor-widget elementor-widget-text-editor\" data-id=\"e594864\" data-element_type=\"widget\" data-widget_type=\"text-editor.default\">\n\t\t\t\t<div class=\"elementor-widget-container\">\n\t\t\t\t\t\t\t\t\t<p><strong>Protocolos de seguridad :<\/strong> Nuestra infraestructura utiliza sofisticados protocolos de encriptaci\u00f3n y tecnolog\u00edas de seguridad de \u00faltima generaci\u00f3n para impedir cualquier intento de acceso no autorizado o de poner en peligro los datos que transitan por nuestros sistemas. Ciframos los discos para que los datos sean ilegibles sin una clave de descifrado y configuramos las m\u00e1quinas virtuales para aislarlas de posibles riesgos.<\/p><p><strong>Actualizaciones de seguridad :\u00a0<\/strong> Invertimos continuamente en las \u00faltimas tecnolog\u00edas para garantizar una defensa proactiva contra las amenazas emergentes, lo que permite a nuestros usuarios beneficiarse de una protecci\u00f3n s\u00f3lida y actualizada. Nuestras frecuentes actualizaciones garantizan que siempre est\u00e9 utilizando la versi\u00f3n m\u00e1s segura y mejorada de nuestro software.<\/p>\t\t\t\t\t\t\t\t<\/div>\n\t\t\t\t<\/div>\n\t\t\t\t<div class=\"elementor-element elementor-element-cd06219 elementor-widget__width-initial elementor-widget elementor-widget-heading\" data-id=\"cd06219\" data-element_type=\"widget\" data-widget_type=\"heading.default\">\n\t\t\t\t<div class=\"elementor-widget-container\">\n\t\t\t\t\t<h5 class=\"elementor-heading-title elementor-size-default\">3. Transparencia y rendici\u00f3n de cuentas\n<\/h5>\t\t\t\t<\/div>\n\t\t\t\t<\/div>\n\t\t\t\t<div class=\"elementor-element elementor-element-18b8590 elementor-widget elementor-widget-text-editor\" data-id=\"18b8590\" data-element_type=\"widget\" data-widget_type=\"text-editor.default\">\n\t\t\t\t<div class=\"elementor-widget-container\">\n\t\t\t\t\t\t\t\t\t<p><strong>Actualizaciones pol\u00edticas :<\/strong> EyeDown se compromete a informar a sus usuarios de cualquier cambio en la pol\u00edtica de privacidad mediante comunicaciones claras y directas, garantizando que los usuarios est\u00e9n siempre al tanto de las pr\u00e1cticas de la empresa. Mantenemos una total transparencia sobre nuestras pr\u00e1cticas de privacidad para ganarnos y conservar su confianza.<\/p><p><strong>Auditor\u00eda y Cumplimiento :\u00a0<\/strong>Realizamos auditor\u00edas peri\u00f3dicas de nuestros sistemas y pr\u00e1cticas de privacidad para garantizar el cumplimiento de las normas internacionales de protecci\u00f3n de datos y ciberseguridad. Nuestras auditor\u00edas garantizan que cumplimos las normas m\u00e1s exigentes en materia de seguridad de datos.<\/p><p>\u00a0<\/p>\t\t\t\t\t\t\t\t<\/div>\n\t\t\t\t<\/div>\n\t\t\t\t<div class=\"elementor-element elementor-element-cb69b48 elementor-widget__width-initial elementor-invisible elementor-widget elementor-widget-heading\" data-id=\"cb69b48\" data-element_type=\"widget\" data-settings=\"{&quot;_animation&quot;:&quot;fadeInUp&quot;}\" data-widget_type=\"heading.default\">\n\t\t\t\t<div class=\"elementor-widget-container\">\n\t\t\t\t\t<h4 class=\"elementor-heading-title elementor-size-default\">Condiciones generales<\/h4>\t\t\t\t<\/div>\n\t\t\t\t<\/div>\n\t\t\t\t<div class=\"elementor-element elementor-element-f3494d3 elementor-widget elementor-widget-text-editor\" data-id=\"f3494d3\" data-element_type=\"widget\" data-widget_type=\"text-editor.default\">\n\t\t\t\t<div class=\"elementor-widget-container\">\n\t\t\t\t\t\t\t\t\t<p>Al acceder a nuestros servicios, acepta adherirse a nuestra <strong>condiciones generales<\/strong>dise\u00f1ado para fomentar una experiencia de usuario segura y legal. EyeDown ofrece herramientas s\u00f3lidas para garantizar que su <strong>anonimato en l\u00ednea<\/strong>y es su responsabilidad utilizar estas herramientas dentro de los l\u00edmites de la legislaci\u00f3n aplicable. Nuestros t\u00e9rminos describen sus responsabilidades, la protecci\u00f3n de nuestra propiedad intelectual y nuestras limitaciones de responsabilidad. Regularmente <strong>revisi\u00f3n y actualizaci\u00f3n<\/strong> estos t\u00e9rminos para mantenerse alineados con las mejores pr\u00e1cticas y requisitos legales, anim\u00e1ndole a mantenerse informado de cualquier cambio.<\/p>\t\t\t\t\t\t\t\t<\/div>\n\t\t\t\t<\/div>\n\t\t\t\t<div class=\"elementor-element elementor-element-0750846 elementor-widget__width-initial elementor-widget elementor-widget-heading\" data-id=\"0750846\" data-element_type=\"widget\" data-widget_type=\"heading.default\">\n\t\t\t\t<div class=\"elementor-widget-container\">\n\t\t\t\t\t<h5 class=\"elementor-heading-title elementor-size-default\">1. Acuerdo de usuario<\/h5>\t\t\t\t<\/div>\n\t\t\t\t<\/div>\n\t\t\t\t<div class=\"elementor-element elementor-element-4fd2d10 elementor-widget elementor-widget-text-editor\" data-id=\"4fd2d10\" data-element_type=\"widget\" data-widget_type=\"text-editor.default\">\n\t\t\t\t<div class=\"elementor-widget-container\">\n\t\t\t\t\t\t\t\t\t<p><strong>Conformidad :<\/strong> Los usuarios deben comprometerse a utilizar nuestro software de acuerdo con las leyes y normativas aplicables. EyeDown no tolera ning\u00fan uso de sus servicios para actividades ilegales o maliciosas. Ofrecemos una amplia gama de opciones para personalizar su protecci\u00f3n digital cumpliendo la ley.<\/p><p><strong>Responsabilidad del usuario :<\/strong> Los usuarios son responsables del uso que hagan de los servicios de EyeDown. En caso de actividad ilegal, EyeDown declina toda responsabilidad por las acciones cometidas por sus usuarios. Proporcionamos potentes herramientas para su anonimato, pero no podemos responsabilizarnos de su uso indebido.<\/p>\t\t\t\t\t\t\t\t<\/div>\n\t\t\t\t<\/div>\n\t\t\t\t<div class=\"elementor-element elementor-element-01f16f6 elementor-widget__width-initial elementor-widget elementor-widget-heading\" data-id=\"01f16f6\" data-element_type=\"widget\" data-widget_type=\"heading.default\">\n\t\t\t\t<div class=\"elementor-widget-container\">\n\t\t\t\t\t<h5 class=\"elementor-heading-title elementor-size-default\">2. Derechos de propiedad intelectual<\/h5>\t\t\t\t<\/div>\n\t\t\t\t<\/div>\n\t\t\t\t<div class=\"elementor-element elementor-element-8ac9acb elementor-widget elementor-widget-text-editor\" data-id=\"8ac9acb\" data-element_type=\"widget\" data-widget_type=\"text-editor.default\">\n\t\t\t\t<div class=\"elementor-widget-container\">\n\t\t\t\t\t\t\t\t\t<p><strong>Protecci\u00f3n de los recursos :<\/strong> Todos los contenidos, logotipos, gr\u00e1ficos y otros elementos visuales del software EyeDown est\u00e1n protegidos por derechos de autor y otros derechos de propiedad intelectual. No pueden reproducirse ni utilizarse sin autorizaci\u00f3n expl\u00edcita. Nuestra interfaz de usuario y recursos visuales est\u00e1n dise\u00f1ados para ofrecer una experiencia intuitiva y segura.<\/p>\t\t\t\t\t\t\t\t<\/div>\n\t\t\t\t<\/div>\n\t\t\t\t<div class=\"elementor-element elementor-element-fe5f8de elementor-widget__width-initial elementor-widget elementor-widget-heading\" data-id=\"fe5f8de\" data-element_type=\"widget\" data-widget_type=\"heading.default\">\n\t\t\t\t<div class=\"elementor-widget-container\">\n\t\t\t\t\t<h5 class=\"elementor-heading-title elementor-size-default\">3. Limitaciones de responsabilidad<\/h5>\t\t\t\t<\/div>\n\t\t\t\t<\/div>\n\t\t\t\t<div class=\"elementor-element elementor-element-050bcc8 elementor-widget elementor-widget-text-editor\" data-id=\"050bcc8\" data-element_type=\"widget\" data-widget_type=\"text-editor.default\">\n\t\t\t\t<div class=\"elementor-widget-container\">\n\t\t\t\t\t\t\t\t\t<p><strong>Exclusiones de garant\u00eda :<\/strong> EyeDown no garantiza que el servicio est\u00e9 libre de interrupciones o errores. Los usuarios aceptan que el uso del servicio se realiza bajo su propia responsabilidad. Nos esforzamos por ofrecer un servicio fiable y seguro, pero pueden producirse interrupciones y no podemos responsabilizarnos de las consecuencias.<\/p><p><strong>Limitaciones legales :<\/strong> EyeDown no ser\u00e1 responsable de los da\u00f1os indirectos, incidentales, especiales o consecuentes que resulten del uso o de la imposibilidad de usar los servicios. Nuestras limitaciones de responsabilidad est\u00e1n dise\u00f1adas para proteger a la empresa y, al mismo tiempo, ofrecer total transparencia a nuestros usuarios.<\/p>\t\t\t\t\t\t\t\t<\/div>\n\t\t\t\t<\/div>\n\t\t\t\t<div class=\"elementor-element elementor-element-c58ff9d elementor-widget__width-initial elementor-widget elementor-widget-heading\" data-id=\"c58ff9d\" data-element_type=\"widget\" data-widget_type=\"heading.default\">\n\t\t\t\t<div class=\"elementor-widget-container\">\n\t\t\t\t\t<h5 class=\"elementor-heading-title elementor-size-default\">4. Cambios en las condiciones<\/h5>\t\t\t\t<\/div>\n\t\t\t\t<\/div>\n\t\t\t\t<div class=\"elementor-element elementor-element-cfddbcf elementor-widget elementor-widget-text-editor\" data-id=\"cfddbcf\" data-element_type=\"widget\" data-widget_type=\"text-editor.default\">\n\t\t\t\t<div class=\"elementor-widget-container\">\n\t\t\t\t\t\t\t\t\t<p><strong>Revisi\u00f3n de t\u00e9rminos :<\/strong> Los t\u00e9rminos y condiciones pueden ser revisados peri\u00f3dicamente para reflejar cambios en nuestras pr\u00e1cticas o en la legislaci\u00f3n aplicable. Se recomienda a los usuarios que revisen estas condiciones con regularidad para mantenerse informados de los cambios. Nos comprometemos a informar a nuestros usuarios de cualquier actualizaci\u00f3n de forma proactiva y transparente.<\/p><p>\u00a0<\/p>\t\t\t\t\t\t\t\t<\/div>\n\t\t\t\t<\/div>\n\t\t\t\t<div class=\"elementor-element elementor-element-db72806 elementor-widget__width-initial elementor-invisible elementor-widget elementor-widget-heading\" data-id=\"db72806\" data-element_type=\"widget\" data-settings=\"{&quot;_animation&quot;:&quot;fadeInUp&quot;}\" data-widget_type=\"heading.default\">\n\t\t\t\t<div class=\"elementor-widget-container\">\n\t\t\t\t\t<h4 class=\"elementor-heading-title elementor-size-default\">Conclusi\u00f3n<\/h4>\t\t\t\t<\/div>\n\t\t\t\t<\/div>\n\t\t\t\t<div class=\"elementor-element elementor-element-60a8982 elementor-widget elementor-widget-text-editor\" data-id=\"60a8982\" data-element_type=\"widget\" data-widget_type=\"text-editor.default\">\n\t\t\t\t<div class=\"elementor-widget-container\">\n\t\t\t\t\t\t\t\t\t<p>EyeDown se lleva el <strong>protecci\u00f3n de la intimidad de los usuarios<\/strong> y la seguridad. Nos comprometemos a prestar un servicio que no s\u00f3lo respete sino que <strong>refuerza<\/strong> el derecho a la confidencialidad personal. Para cualquier pregunta o informaci\u00f3n adicional, p\u00f3ngase en contacto con nuestro <strong>atenci\u00f3n al cliente<\/strong>. Su confianza en EyeDown es nuestra m\u00e1xima prioridad, y nos comprometemos a mantener el <strong>m\u00e1xima seguridad y protecci\u00f3n de la intimidad<\/strong>. \u00danete a nuestra comunidad de Telegram para <strong>asistencia y actualizaciones peri\u00f3dicas<\/strong> sobre las mejores pr\u00e1cticas de protecci\u00f3n de la intimidad.<\/p>\t\t\t\t\t\t\t\t<\/div>\n\t\t\t\t<\/div>\n\t\t\t\t\t<\/div>\n\t\t\t\t<\/div>\n\t\t\t\t<\/div>","protected":false},"excerpt":{"rendered":"<p>Pol\u00edtica de privacidad y t\u00e9rminos y condiciones de EyeDown En EyeDown, nuestra misi\u00f3n es proporcionar un entorno en l\u00ednea seguro y completamente an\u00f3nimo. [...]<\/p>","protected":false},"author":1,"featured_media":0,"parent":0,"menu_order":0,"comment_status":"closed","ping_status":"closed","template":"","meta":{"_seopress_robots_primary_cat":"","_seopress_titles_title":"","_seopress_titles_desc":"Browse with complete anonymity and security at EyeDown. Our zero-logs policy ensures total privacy while advanced encryption keeps you safe online.","_seopress_robots_index":"","footnotes":""},"class_list":["post-614","page","type-page","status-publish","hentry"],"jetpack_sharing_enabled":true,"_links":{"self":[{"href":"https:\/\/eyedown.org\/es\/wp-json\/wp\/v2\/pages\/614","targetHints":{"allow":["GET"]}}],"collection":[{"href":"https:\/\/eyedown.org\/es\/wp-json\/wp\/v2\/pages"}],"about":[{"href":"https:\/\/eyedown.org\/es\/wp-json\/wp\/v2\/types\/page"}],"author":[{"embeddable":true,"href":"https:\/\/eyedown.org\/es\/wp-json\/wp\/v2\/users\/1"}],"replies":[{"embeddable":true,"href":"https:\/\/eyedown.org\/es\/wp-json\/wp\/v2\/comments?post=614"}],"version-history":[{"count":12,"href":"https:\/\/eyedown.org\/es\/wp-json\/wp\/v2\/pages\/614\/revisions"}],"predecessor-version":[{"id":1694,"href":"https:\/\/eyedown.org\/es\/wp-json\/wp\/v2\/pages\/614\/revisions\/1694"}],"wp:attachment":[{"href":"https:\/\/eyedown.org\/es\/wp-json\/wp\/v2\/media?parent=614"}],"curies":[{"name":"wp","href":"https:\/\/api.w.org\/{rel}","templated":true}]}}