{"id":545,"date":"2024-04-17T09:35:34","date_gmt":"2024-04-17T09:35:34","guid":{"rendered":"https:\/\/eyedown.org\/?post_type=product&#038;p=545"},"modified":"2024-05-24T18:37:44","modified_gmt":"2024-05-24T18:37:44","slug":"eyedown-software-1-year-licence","status":"publish","type":"product","link":"https:\/\/eyedown.org\/es\/producto\/eyedown-software-1-year-licence\/","title":{"rendered":"EyeDown Software 1 a\u00f1o de licencia - Pagos con tarjeta de cr\u00e9dito"},"content":{"rendered":"<p>Eyedown Software est\u00e1 especialmente dise\u00f1ado para personas que desean proteger su identidad digital en l\u00ednea. Al anonimizar completamente su conexi\u00f3n y su ordenador, Eyedown Software le hace irrastreable. Eyedown configura todos los procesos necesarios para la anonimizaci\u00f3n total de la computadora, tales como:<\/p>\n<ul>\n<li>Cambiar todos los n\u00fameros de serie del ordenador.<\/li>\n<li>Desactivaci\u00f3n completa de la supervisi\u00f3n de Windows y del software preinstalado.<\/li>\n<li>M\u00faltiples soluciones de navegaci\u00f3n web con ajustes configurados con Eyedown que proporcionan un anonimato total e imposibilitan la identificaci\u00f3n, el seguimiento y la recopilaci\u00f3n de datos.<\/li>\n<li>Deshabilitar y configurar todos los protocolos de Windows que puedan presentar un fallo de seguridad.<\/li>\n<li>Cifrado del disco interno.<\/li>\n<li>Configuraci\u00f3n de m\u00e1quinas virtuales para aislarlas del n\u00facleo.<\/li>\n<li>Direcciones de correo electr\u00f3nico desechables, fotos\/identidades directamente integradas en el software.<\/li>\n<li>Limpieza de m\u00e1quinas optimizada para la protecci\u00f3n de datos.<\/li>\n<li>Una caja de herramientas compuesta por software integrado que anonimiza cada sector espec\u00edfico (fotos, audios, criptograf\u00eda, etc.).<\/li>\n<\/ul>","protected":false},"excerpt":{"rendered":"<p>Eyedown es una soluci\u00f3n de software robusta dedicada a proteger su privacidad en l\u00ednea. Proporcionando un anonimato sin precedentes, Eyedown le permite navegar por Internet, utilizar su sistema operativo y acceder a su disco duro sin dejar una huella digital.<\/p>","protected":false},"featured_media":1684,"comment_status":"open","ping_status":"closed","template":"","meta":{"_seopress_robots_primary_cat":"","_seopress_titles_title":"","_seopress_titles_desc":"","_seopress_robots_index":""},"product_brand":[],"product_cat":[18],"product_tag":[],"class_list":{"0":"post-545","1":"product","2":"type-product","3":"status-publish","4":"has-post-thumbnail","6":"product_cat-eyedown","8":"first","9":"instock","10":"sale","11":"shipping-taxable","12":"purchasable","13":"product-type-subscription"},"jetpack_sharing_enabled":true,"_links":{"self":[{"href":"https:\/\/eyedown.org\/es\/wp-json\/wp\/v2\/product\/545","targetHints":{"allow":["GET"]}}],"collection":[{"href":"https:\/\/eyedown.org\/es\/wp-json\/wp\/v2\/product"}],"about":[{"href":"https:\/\/eyedown.org\/es\/wp-json\/wp\/v2\/types\/product"}],"replies":[{"embeddable":true,"href":"https:\/\/eyedown.org\/es\/wp-json\/wp\/v2\/comments?post=545"}],"wp:featuredmedia":[{"embeddable":true,"href":"https:\/\/eyedown.org\/es\/wp-json\/wp\/v2\/media\/1684"}],"wp:attachment":[{"href":"https:\/\/eyedown.org\/es\/wp-json\/wp\/v2\/media?parent=545"}],"wp:term":[{"taxonomy":"product_brand","embeddable":true,"href":"https:\/\/eyedown.org\/es\/wp-json\/wp\/v2\/product_brand?post=545"},{"taxonomy":"product_cat","embeddable":true,"href":"https:\/\/eyedown.org\/es\/wp-json\/wp\/v2\/product_cat?post=545"},{"taxonomy":"product_tag","embeddable":true,"href":"https:\/\/eyedown.org\/es\/wp-json\/wp\/v2\/product_tag?post=545"}],"curies":[{"name":"wp","href":"https:\/\/api.w.org\/{rel}","templated":true}]}}