{"id":537,"date":"2024-03-29T09:24:22","date_gmt":"2024-03-29T09:24:22","guid":{"rendered":"https:\/\/eyedown.org\/cart\/"},"modified":"2024-05-01T13:28:10","modified_gmt":"2024-05-01T13:28:10","slug":"cart","status":"publish","type":"page","link":"https:\/\/eyedown.org\/fr\/cart\/","title":{"rendered":"Chariot"},"content":{"rendered":"<div data-block-name=\"woocommerce\/cart\" class=\"wp-block-woocommerce-cart alignwide is-loading\"><div data-block-name=\"woocommerce\/filled-cart-block\" class=\"wp-block-woocommerce-filled-cart-block\"><div data-block-name=\"woocommerce\/cart-items-block\" class=\"wp-block-woocommerce-cart-items-block\"><div data-block-name=\"woocommerce\/cart-line-items-block\" class=\"wp-block-woocommerce-cart-line-items-block\"><\/div>\n\n<div data-block-name=\"woocommerce\/cart-cross-sells-block\" class=\"wp-block-woocommerce-cart-cross-sells-block\"><h2 class=\"wp-block-heading has-large-font-size\">Vous pourriez \u00eatre int\u00e9ress\u00e9 par...<\/h2>\n\n<div data-block-name=\"woocommerce\/cart-cross-sells-products-block\" class=\"wp-block-woocommerce-cart-cross-sells-products-block\"><\/div><\/div><\/div>\n\n<div data-block-name=\"woocommerce\/cart-totals-block\" class=\"wp-block-woocommerce-cart-totals-block\"><div data-block-name=\"woocommerce\/cart-order-summary-block\" class=\"wp-block-woocommerce-cart-order-summary-block\"><div data-block-name=\"woocommerce\/cart-order-summary-heading-block\" class=\"wp-block-woocommerce-cart-order-summary-heading-block\"><\/div><div data-block-name=\"woocommerce\/cart-order-summary-coupon-form-block\" class=\"wp-block-woocommerce-cart-order-summary-coupon-form-block\"><\/div><div data-block-name=\"woocommerce\/cart-order-summary-totals-block\" class=\"wp-block-woocommerce-cart-order-summary-totals-block\">\n<div data-block-name=\"woocommerce\/cart-order-summary-subtotal-block\" class=\"wp-block-woocommerce-cart-order-summary-subtotal-block\"><\/div>\n<div data-block-name=\"woocommerce\/cart-order-summary-discount-block\" class=\"wp-block-woocommerce-cart-order-summary-discount-block\"><\/div>\n<div data-block-name=\"woocommerce\/cart-order-summary-fee-block\" class=\"wp-block-woocommerce-cart-order-summary-fee-block\"><\/div>\n<div data-block-name=\"woocommerce\/cart-order-summary-shipping-block\" class=\"wp-block-woocommerce-cart-order-summary-shipping-block\"><\/div>\n<div data-block-name=\"woocommerce\/cart-order-summary-taxes-block\" class=\"wp-block-woocommerce-cart-order-summary-taxes-block\"><\/div><\/div><\/div>\n\n<div data-block-name=\"woocommerce\/cart-express-payment-block\" class=\"wp-block-woocommerce-cart-express-payment-block\"><\/div>\n\n<div data-block-name=\"woocommerce\/proceed-to-checkout-block\" class=\"wp-block-woocommerce-proceed-to-checkout-block\"><\/div>\n\n<div data-block-name=\"woocommerce\/cart-accepted-payment-methods-block\" class=\"wp-block-woocommerce-cart-accepted-payment-methods-block\"><\/div><\/div><\/div>\n\n<div data-block-name=\"woocommerce\/empty-cart-block\" class=\"wp-block-woocommerce-empty-cart-block\"><h2 class=\"wp-block-heading has-text-align-center with-empty-cart-icon wc-block-cart__empty-cart__title\">Votre panier est actuellement vide !<\/h2>\n\n<hr class=\"wp-block-separator has-alpha-channel-opacity is-style-dots\"\/>\n\n<h2 class=\"wp-block-heading has-text-align-center\">Nouveau en magasin<\/h2>\n\n<div data-block-name=\"woocommerce\/product-new\" data-columns=\"4\" data-rows=\"1\" class=\"wc-block-grid wp-block-product-new wp-block-woocommerce-product-new wc-block-product-new has-4-columns\"><ul class=\"wc-block-grid__products\"><li class=\"wc-block-grid__product\">\n\t\t\t\t<a href=\"https:\/\/eyedown.org\/fr\/produit\/eyedown-software-1-month-licence\/\" class=\"wc-block-grid__product-link\">\n\t\t\t\t\t\n\t\t\t\t\t<div class=\"wc-block-grid__product-image\"><img fetchpriority=\"high\" decoding=\"async\" width=\"300\" height=\"300\" src=\"https:\/\/eyedown.org\/wp-content\/uploads\/2024\/04\/Packagign-box-design-mockup-1-month-resized-300x300.jpg\" class=\"attachment-woocommerce_thumbnail size-woocommerce_thumbnail\" alt=\"EyeDown Software 1 month license - Credit card Payments\" srcset=\"https:\/\/eyedown.org\/wp-content\/uploads\/2024\/04\/Packagign-box-design-mockup-1-month-resized-300x300.jpg 300w, https:\/\/eyedown.org\/wp-content\/uploads\/2024\/04\/Packagign-box-design-mockup-1-month-resized-150x150.jpg 150w, https:\/\/eyedown.org\/wp-content\/uploads\/2024\/04\/Packagign-box-design-mockup-1-month-resized-100x100.jpg 100w\" sizes=\"(max-width: 300px) 100vw, 300px\" \/><\/div>\n\t\t\t\t\t<div class=\"wc-block-grid__product-title\">Licence EyeDown d'1 mois - Paiement en carte bancaire<\/div>\n\t\t\t\t<\/a>\n\t\t\t\t<div class=\"wc-block-grid__product-price price\"><span class=\"woocommerce-Price-amount amount\">9,99&nbsp;<span class=\"woocommerce-Price-currencySymbol\">\u20ac<\/span><\/span> <span class=\"subscription-details\"> \/ mois<\/span><\/div>\n\t\t\t\t\n\t\t\t\t<div class=\"wp-block-button wc-block-grid__product-add-to-cart\"><a href=\"?add-to-cart=541\" aria-label=\"Ajouter au panier\u00a0: \u201cEyeDown Software 1 month license - Credit card Payments\u201d\" data-quantity=\"1\" data-product_id=\"541\" data-product_sku=\"\" data-price=\"9.99\" rel=\"nofollow\" class=\"wp-block-button__link  add_to_cart_button ajax_add_to_cart\" data-no-translation-aria-label=\"\">S'abonner<\/a><\/div>\n\t\t\t<\/li><li class=\"wc-block-grid__product\">\n\t\t\t\t<a href=\"https:\/\/eyedown.org\/fr\/produit\/eyedown-software-6-months-licence\/\" class=\"wc-block-grid__product-link\">\n\t\t\t\t\t<div class=\"wc-block-grid__product-onsale\">\n\t\t\t<span aria-hidden=\"true\" data-no-translation=\"\" data-trp-gettext=\"\">Promo<\/span>\n\t\t\t<span class=\"screen-reader-text\" data-no-translation=\"\" data-trp-gettext=\"\">Produit en promotion<\/span>\n\t\t<\/div>\n\t\t\t\t\t<div class=\"wc-block-grid__product-image\"><img decoding=\"async\" width=\"300\" height=\"300\" src=\"https:\/\/eyedown.org\/wp-content\/uploads\/2024\/04\/Packagign-box-design-mockup-6-month-resized-300x300.jpg\" class=\"attachment-woocommerce_thumbnail size-woocommerce_thumbnail\" alt=\"EyeDown Software 6 months license - Credit card Payments\" srcset=\"https:\/\/eyedown.org\/wp-content\/uploads\/2024\/04\/Packagign-box-design-mockup-6-month-resized-300x300.jpg 300w, https:\/\/eyedown.org\/wp-content\/uploads\/2024\/04\/Packagign-box-design-mockup-6-month-resized-150x150.jpg 150w, https:\/\/eyedown.org\/wp-content\/uploads\/2024\/04\/Packagign-box-design-mockup-6-month-resized-100x100.jpg 100w\" sizes=\"(max-width: 300px) 100vw, 300px\" \/><\/div>\n\t\t\t\t\t<div class=\"wc-block-grid__product-title\">Licence EyeDown de 6 mois - Paiement en carte bancaire<\/div>\n\t\t\t\t<\/a>\n\t\t\t\t<div class=\"wc-block-grid__product-price price\"><del aria-hidden=\"true\"><span class=\"woocommerce-Price-amount amount\">59,94&nbsp;<span class=\"woocommerce-Price-currencySymbol\">\u20ac<\/span><\/span><\/del> <span class=\"screen-reader-text\" data-no-translation=\"\" data-trp-gettext=\"\">Le prix initial \u00e9tait\u00a0: 59,94&nbsp;&euro;.<\/span><ins aria-hidden=\"true\"><span class=\"woocommerce-Price-amount amount\">39,99&nbsp;<span class=\"woocommerce-Price-currencySymbol\">\u20ac<\/span><\/span><\/ins><span class=\"screen-reader-text\" data-no-translation=\"\" data-trp-gettext=\"\">Le prix actuel est\u00a0: 39,99&nbsp;&euro;.<\/span> <span class=\"subscription-details\"> chaque 6 mois<\/span><\/div>\n\t\t\t\t\n\t\t\t\t<div class=\"wp-block-button wc-block-grid__product-add-to-cart\"><a href=\"?add-to-cart=549\" aria-label=\"Ajouter au panier\u00a0: \u201cEyeDown Software 6 months license - Credit card Payments\u201d\" data-quantity=\"1\" data-product_id=\"549\" data-product_sku=\"\" data-price=\"39.99\" rel=\"nofollow\" class=\"wp-block-button__link  add_to_cart_button ajax_add_to_cart\" data-no-translation-aria-label=\"\">S'abonner<\/a><\/div>\n\t\t\t<\/li><li class=\"wc-block-grid__product\">\n\t\t\t\t<a href=\"https:\/\/eyedown.org\/fr\/produit\/eyedown-software-1-year-licence\/\" class=\"wc-block-grid__product-link\">\n\t\t\t\t\t<div class=\"wc-block-grid__product-onsale\">\n\t\t\t<span aria-hidden=\"true\" data-no-translation=\"\" data-trp-gettext=\"\">Promo<\/span>\n\t\t\t<span class=\"screen-reader-text\" data-no-translation=\"\" data-trp-gettext=\"\">Produit en promotion<\/span>\n\t\t<\/div>\n\t\t\t\t\t<div class=\"wc-block-grid__product-image\"><img decoding=\"async\" width=\"300\" height=\"300\" src=\"https:\/\/eyedown.org\/wp-content\/uploads\/2024\/04\/eyedown_store_packaging_crypto-300x300.jpg\" class=\"attachment-woocommerce_thumbnail size-woocommerce_thumbnail\" alt=\"EyeDown Software 1 year license - Credit card Payments\" srcset=\"https:\/\/eyedown.org\/wp-content\/uploads\/2024\/04\/eyedown_store_packaging_crypto-300x300.jpg 300w, https:\/\/eyedown.org\/wp-content\/uploads\/2024\/04\/eyedown_store_packaging_crypto-150x150.jpg 150w, https:\/\/eyedown.org\/wp-content\/uploads\/2024\/04\/eyedown_store_packaging_crypto-100x100.jpg 100w\" sizes=\"(max-width: 300px) 100vw, 300px\" \/><\/div>\n\t\t\t\t\t<div class=\"wc-block-grid__product-title\">Licence EyeDown d'1 an - Paiement en carte bancaire<\/div>\n\t\t\t\t<\/a>\n\t\t\t\t<div class=\"wc-block-grid__product-price price\"><del aria-hidden=\"true\"><span class=\"woocommerce-Price-amount amount\">119,88&nbsp;<span class=\"woocommerce-Price-currencySymbol\">\u20ac<\/span><\/span><\/del> <span class=\"screen-reader-text\" data-no-translation=\"\" data-trp-gettext=\"\">Le prix initial \u00e9tait\u00a0: 119,88&nbsp;&euro;.<\/span><ins aria-hidden=\"true\"><span class=\"woocommerce-Price-amount amount\">64,99&nbsp;<span class=\"woocommerce-Price-currencySymbol\">\u20ac<\/span><\/span><\/ins><span class=\"screen-reader-text\" data-no-translation=\"\" data-trp-gettext=\"\">Le prix actuel est\u00a0: 64,99&nbsp;&euro;.<\/span> <span class=\"subscription-details\"> \/ ann\u00e9e<\/span><\/div>\n\t\t\t\t\n\t\t\t\t<div class=\"wp-block-button wc-block-grid__product-add-to-cart\"><a href=\"?add-to-cart=545\" aria-label=\"Ajouter au panier\u00a0: \u201cEyeDown Software 1 year license - Credit card Payments\u201d\" data-quantity=\"1\" data-product_id=\"545\" data-product_sku=\"\" data-price=\"64.99\" rel=\"nofollow\" class=\"wp-block-button__link  add_to_cart_button ajax_add_to_cart\" data-no-translation-aria-label=\"\">S'abonner<\/a><\/div>\n\t\t\t<\/li><li class=\"wc-block-grid__product\">\n\t\t\t\t<a href=\"https:\/\/eyedown.org\/fr\/produit\/eyedown-software-2-years-licence\/\" class=\"wc-block-grid__product-link\">\n\t\t\t\t\t<div class=\"wc-block-grid__product-onsale\">\n\t\t\t<span aria-hidden=\"true\" data-no-translation=\"\" data-trp-gettext=\"\">Promo<\/span>\n\t\t\t<span class=\"screen-reader-text\" data-no-translation=\"\" data-trp-gettext=\"\">Produit en promotion<\/span>\n\t\t<\/div>\n\t\t\t\t\t<div class=\"wc-block-grid__product-image\"><img loading=\"lazy\" decoding=\"async\" width=\"300\" height=\"300\" src=\"https:\/\/eyedown.org\/wp-content\/uploads\/2024\/04\/Packagign-box-design-mockup-2-years-resized-300x300.jpg\" class=\"attachment-woocommerce_thumbnail size-woocommerce_thumbnail\" alt=\"EyeDown Software 2 years license - Credit card Payments\" srcset=\"https:\/\/eyedown.org\/wp-content\/uploads\/2024\/04\/Packagign-box-design-mockup-2-years-resized-300x300.jpg 300w, https:\/\/eyedown.org\/wp-content\/uploads\/2024\/04\/Packagign-box-design-mockup-2-years-resized-150x150.jpg 150w, https:\/\/eyedown.org\/wp-content\/uploads\/2024\/04\/Packagign-box-design-mockup-2-years-resized-100x100.jpg 100w\" sizes=\"(max-width: 300px) 100vw, 300px\" \/><\/div>\n\t\t\t\t\t<div class=\"wc-block-grid__product-title\">Licence EyeDown de 2 ans - Paiement en carte bancaire<\/div>\n\t\t\t\t<\/a>\n\t\t\t\t<div class=\"wc-block-grid__product-price price\"><del aria-hidden=\"true\"><span class=\"woocommerce-Price-amount amount\">239,76&nbsp;<span class=\"woocommerce-Price-currencySymbol\">\u20ac<\/span><\/span><\/del> <span class=\"screen-reader-text\" data-no-translation=\"\" data-trp-gettext=\"\">Le prix initial \u00e9tait\u00a0: 239,76&nbsp;&euro;.<\/span><ins aria-hidden=\"true\"><span class=\"woocommerce-Price-amount amount\">99,99&nbsp;<span class=\"woocommerce-Price-currencySymbol\">\u20ac<\/span><\/span><\/ins><span class=\"screen-reader-text\" data-no-translation=\"\" data-trp-gettext=\"\">Le prix actuel est\u00a0: 99,99&nbsp;&euro;.<\/span> <span class=\"subscription-details\"> chaque 2 ann\u00e9es<\/span><\/div>\n\t\t\t\t\n\t\t\t\t<div class=\"wp-block-button wc-block-grid__product-add-to-cart\"><a href=\"?add-to-cart=547\" aria-label=\"Ajouter au panier\u00a0: \u201cEyeDown Software 2 years license - Credit card Payments\u201d\" data-quantity=\"1\" data-product_id=\"547\" data-product_sku=\"\" data-price=\"99.99\" rel=\"nofollow\" class=\"wp-block-button__link  add_to_cart_button ajax_add_to_cart\" data-no-translation-aria-label=\"\">S'abonner<\/a><\/div>\n\t\t\t<\/li><\/ul><\/div><\/div><\/div>","protected":false},"excerpt":{"rendered":"","protected":false},"author":1,"featured_media":0,"parent":0,"menu_order":0,"comment_status":"closed","ping_status":"closed","template":"","meta":{"_seopress_robots_primary_cat":"","_seopress_titles_title":"","_seopress_titles_desc":"Discover new items in-store now! Your cart is empty, but our latest arrivals won&#039;t disappoint. Shop today!","_seopress_robots_index":"","footnotes":""},"class_list":["post-537","page","type-page","status-publish","hentry"],"jetpack_sharing_enabled":true,"_links":{"self":[{"href":"https:\/\/eyedown.org\/fr\/wp-json\/wp\/v2\/pages\/537","targetHints":{"allow":["GET"]}}],"collection":[{"href":"https:\/\/eyedown.org\/fr\/wp-json\/wp\/v2\/pages"}],"about":[{"href":"https:\/\/eyedown.org\/fr\/wp-json\/wp\/v2\/types\/page"}],"author":[{"embeddable":true,"href":"https:\/\/eyedown.org\/fr\/wp-json\/wp\/v2\/users\/1"}],"replies":[{"embeddable":true,"href":"https:\/\/eyedown.org\/fr\/wp-json\/wp\/v2\/comments?post=537"}],"version-history":[{"count":1,"href":"https:\/\/eyedown.org\/fr\/wp-json\/wp\/v2\/pages\/537\/revisions"}],"predecessor-version":[{"id":1591,"href":"https:\/\/eyedown.org\/fr\/wp-json\/wp\/v2\/pages\/537\/revisions\/1591"}],"wp:attachment":[{"href":"https:\/\/eyedown.org\/fr\/wp-json\/wp\/v2\/media?parent=537"}],"curies":[{"name":"wp","href":"https:\/\/api.w.org\/{rel}","templated":true}]}}