{"id":614,"date":"2024-03-29T10:10:20","date_gmt":"2024-03-29T10:10:20","guid":{"rendered":"https:\/\/eyedown.org\/?page_id=614"},"modified":"2024-05-24T21:46:42","modified_gmt":"2024-05-24T21:46:42","slug":"privacy-policy","status":"publish","type":"page","link":"https:\/\/eyedown.org\/fr\/privacy-policy\/","title":{"rendered":"Politique de confidentialit\u00e9"},"content":{"rendered":"<div data-elementor-type=\"wp-page\" data-elementor-id=\"614\" class=\"elementor elementor-614\" data-elementor-settings=\"{&quot;element_pack_global_tooltip_width&quot;:{&quot;unit&quot;:&quot;px&quot;,&quot;size&quot;:&quot;&quot;,&quot;sizes&quot;:[]},&quot;element_pack_global_tooltip_width_tablet&quot;:{&quot;unit&quot;:&quot;px&quot;,&quot;size&quot;:&quot;&quot;,&quot;sizes&quot;:[]},&quot;element_pack_global_tooltip_width_mobile&quot;:{&quot;unit&quot;:&quot;px&quot;,&quot;size&quot;:&quot;&quot;,&quot;sizes&quot;:[]},&quot;element_pack_global_tooltip_padding&quot;:{&quot;unit&quot;:&quot;px&quot;,&quot;top&quot;:&quot;&quot;,&quot;right&quot;:&quot;&quot;,&quot;bottom&quot;:&quot;&quot;,&quot;left&quot;:&quot;&quot;,&quot;isLinked&quot;:true},&quot;element_pack_global_tooltip_padding_tablet&quot;:{&quot;unit&quot;:&quot;px&quot;,&quot;top&quot;:&quot;&quot;,&quot;right&quot;:&quot;&quot;,&quot;bottom&quot;:&quot;&quot;,&quot;left&quot;:&quot;&quot;,&quot;isLinked&quot;:true},&quot;element_pack_global_tooltip_padding_mobile&quot;:{&quot;unit&quot;:&quot;px&quot;,&quot;top&quot;:&quot;&quot;,&quot;right&quot;:&quot;&quot;,&quot;bottom&quot;:&quot;&quot;,&quot;left&quot;:&quot;&quot;,&quot;isLinked&quot;:true},&quot;element_pack_global_tooltip_border_radius&quot;:{&quot;unit&quot;:&quot;px&quot;,&quot;top&quot;:&quot;&quot;,&quot;right&quot;:&quot;&quot;,&quot;bottom&quot;:&quot;&quot;,&quot;left&quot;:&quot;&quot;,&quot;isLinked&quot;:true},&quot;element_pack_global_tooltip_border_radius_tablet&quot;:{&quot;unit&quot;:&quot;px&quot;,&quot;top&quot;:&quot;&quot;,&quot;right&quot;:&quot;&quot;,&quot;bottom&quot;:&quot;&quot;,&quot;left&quot;:&quot;&quot;,&quot;isLinked&quot;:true},&quot;element_pack_global_tooltip_border_radius_mobile&quot;:{&quot;unit&quot;:&quot;px&quot;,&quot;top&quot;:&quot;&quot;,&quot;right&quot;:&quot;&quot;,&quot;bottom&quot;:&quot;&quot;,&quot;left&quot;:&quot;&quot;,&quot;isLinked&quot;:true}}\" data-elementor-post-type=\"page\">\n\t\t\t\t<div class=\"elementor-element elementor-element-d367ad7 e-flex e-con-boxed elementor-invisible e-con e-parent\" data-id=\"d367ad7\" data-element_type=\"container\" data-settings=\"{&quot;background_background&quot;:&quot;gradient&quot;,&quot;animation&quot;:&quot;fadeInUp&quot;}\">\n\t\t\t\t\t<div class=\"e-con-inner\">\n\t\t\t\t<div class=\"elementor-element elementor-element-09b622f elementor-widget__width-initial elementor-widget elementor-widget-heading\" data-id=\"09b622f\" data-element_type=\"widget\" data-widget_type=\"heading.default\">\n\t\t\t\t<div class=\"elementor-widget-container\">\n\t\t\t\t\t<h3 class=\"elementor-heading-title elementor-size-default\">Politique de confidentialit\u00e9 et conditions g\u00e9n\u00e9rales d'EyeDown<\/h3>\t\t\t\t<\/div>\n\t\t\t\t<\/div>\n\t\t\t\t<div class=\"elementor-element elementor-element-80d524b elementor-widget__width-initial elementor-widget-tablet__width-initial elementor-widget-mobile__width-inherit elementor-invisible elementor-widget elementor-widget-text-editor\" data-id=\"80d524b\" data-element_type=\"widget\" data-settings=\"{&quot;_animation&quot;:&quot;fadeInUp&quot;,&quot;_animation_delay&quot;:500}\" data-widget_type=\"text-editor.default\">\n\t\t\t\t<div class=\"elementor-widget-container\">\n\t\t\t\t\t\t\t\t\t<p>Chez EyeDown, notre mission est de fournir un environnement en ligne s\u00e9curis\u00e9 et compl\u00e8tement anonyme. Notre approche repose sur des technologies de pointe qui garantissent non seulement la s\u00e9curit\u00e9 mais aussi le respect total de la vie priv\u00e9e de nos utilisateurs sans compromettre la performance de nos services.<\/p>\t\t\t\t\t\t\t\t<\/div>\n\t\t\t\t<\/div>\n\t\t\t\t\t<\/div>\n\t\t\t\t<\/div>\n\t\t<div class=\"elementor-element elementor-element-08cb372 e-flex e-con-boxed e-con e-parent\" data-id=\"08cb372\" data-element_type=\"container\">\n\t\t\t\t\t<div class=\"e-con-inner\">\n\t\t\t\t<div class=\"elementor-element elementor-element-71e7102 elementor-widget__width-initial elementor-invisible elementor-widget elementor-widget-heading\" data-id=\"71e7102\" data-element_type=\"widget\" data-settings=\"{&quot;_animation&quot;:&quot;fadeInUp&quot;}\" data-widget_type=\"heading.default\">\n\t\t\t\t<div class=\"elementor-widget-container\">\n\t\t\t\t\t<h4 class=\"elementor-heading-title elementor-size-default\">Politique de confidentialit\u00e9<\/h4>\t\t\t\t<\/div>\n\t\t\t\t<\/div>\n\t\t\t\t<div class=\"elementor-element elementor-element-605bac7 elementor-widget elementor-widget-text-editor\" data-id=\"605bac7\" data-element_type=\"widget\" data-widget_type=\"text-editor.default\">\n\t\t\t\t<div class=\"elementor-widget-container\">\n\t\t\t\t\t\t\t\t\t<p><strong>Chez EyeDown, votre vie priv\u00e9e est notre priorit\u00e9 absolue.<\/strong> Nous avons construit nos services autour d'une politique stricte de <strong>politique de non-conservation de logs<\/strong>garantissant qu'aucune donn\u00e9e personnelle n'est collect\u00e9e, stock\u00e9e ou analys\u00e9e. Nous nous engageons \u00e0 fournir un service de qualit\u00e9 \u00e0 nos clients, en veillant \u00e0 ce qu'aucune donn\u00e9e personnelle ne soit collect\u00e9e, stock\u00e9e ou analys\u00e9e. Notre engagement est de fournir un environnement en ligne <strong>anonyme<\/strong> o\u00f9 vos activit\u00e9s restent compl\u00e8tement priv\u00e9es. Gr\u00e2ce \u00e0 des mesures de s\u00e9curit\u00e9 avanc\u00e9es et des mises \u00e0 jour continues, nous garantissons que votre pr\u00e9sence num\u00e9rique est intra\u00e7able et s\u00e9curis\u00e9e contre tout acc\u00e8s non autoris\u00e9. EyeDown se tient fermement sur la transparence et respecte <strong>les normes les plus \u00e9lev\u00e9es en mati\u00e8re de protection de la vie priv\u00e9e<\/strong>, vous assurant de pouvoir naviguer en toute tranquillit\u00e9 d'esprit.<\/p>\t\t\t\t\t\t\t\t<\/div>\n\t\t\t\t<\/div>\n\t\t\t\t<div class=\"elementor-element elementor-element-8e5de02 elementor-widget__width-initial elementor-widget elementor-widget-heading\" data-id=\"8e5de02\" data-element_type=\"widget\" data-widget_type=\"heading.default\">\n\t\t\t\t<div class=\"elementor-widget-container\">\n\t\t\t\t\t<h5 class=\"elementor-heading-title elementor-size-default\">1. Engagement de confidentialit\u00e9 totale<\/h5>\t\t\t\t<\/div>\n\t\t\t\t<\/div>\n\t\t\t\t<div class=\"elementor-element elementor-element-71e6527 elementor-widget elementor-widget-text-editor\" data-id=\"71e6527\" data-element_type=\"widget\" data-widget_type=\"text-editor.default\">\n\t\t\t\t<div class=\"elementor-widget-container\">\n\t\t\t\t\t\t\t\t\t<p><strong>Collecte des donn\u00e9es :<\/strong> EyeDown maintient une politique de z\u00e9ro collecte de donn\u00e9es. Aucune donn\u00e9e personnelle n'est recueillie, ce qui renforce notre engagement \u00e0 ne pas suivre, enregistrer ou analyser aucune activit\u00e9 de nos utilisateurs sous aucune forme. Nous d\u00e9sactivons et configurons tous les protocoles Windows intrusifs, d\u00e9sactivons la collecte de donn\u00e9es par les applications et le syst\u00e8me d'exploitation, et anonymisons les connexions pour emp\u00eacher tout suivi ou collecte de donn\u00e9es.<\/p><p><strong>Utilisation des donn\u00e9es :<\/strong> En l'absence de collecte de donn\u00e9es, il n'existe aucune possibilit\u00e9 d'utilisation de celles-ci pour le profilage ou toute autre forme d'analyse. Cette approche garantit que les op\u00e9rations des utilisateurs restent priv\u00e9es et enti\u00e8rement anonymes. Nous assurons que votre navigation sur Internet reste totalement confidentielle, sans surveillance ni enregistrement.<\/p>\t\t\t\t\t\t\t\t<\/div>\n\t\t\t\t<\/div>\n\t\t\t\t<div class=\"elementor-element elementor-element-202a27f elementor-widget__width-initial elementor-widget elementor-widget-heading\" data-id=\"202a27f\" data-element_type=\"widget\" data-widget_type=\"heading.default\">\n\t\t\t\t<div class=\"elementor-widget-container\">\n\t\t\t\t\t<h5 class=\"elementor-heading-title elementor-size-default\">2. S\u00e9curit\u00e9 des donn\u00e9es<\/h5>\t\t\t\t<\/div>\n\t\t\t\t<\/div>\n\t\t\t\t<div class=\"elementor-element elementor-element-e594864 elementor-widget elementor-widget-text-editor\" data-id=\"e594864\" data-element_type=\"widget\" data-widget_type=\"text-editor.default\">\n\t\t\t\t<div class=\"elementor-widget-container\">\n\t\t\t\t\t\t\t\t\t<p><strong>Protocoles de s\u00e9curit\u00e9 :<\/strong> Notre infrastructure utilise des protocoles de chiffrement sophistiqu\u00e9s et des technologies \u00e0 la pointe de la s\u00e9curit\u00e9 pour pr\u00e9venir toute tentative d'acc\u00e8s non autoris\u00e9 ou de compromission des donn\u00e9es transitant par nos syst\u00e8mes. Nous chiffrons les disques pour rendre les donn\u00e9es illisibles sans cl\u00e9 de d\u00e9chiffrement, nous configurons des machines virtuelles pour les isoler des risques potentiels...<\/p><p><strong>Mises \u00e0 jour de s\u00e9curit\u00e9 :\u00a0<\/strong> Nous investissons continuellement dans les technologies les plus r\u00e9centes pour assurer une d\u00e9fense proactive contre les menaces \u00e9mergentes, ce qui permet \u00e0 nos utilisateurs de b\u00e9n\u00e9ficier d'une protection robuste et \u00e0 jour. Nos mises \u00e0 jour fr\u00e9quentes garantissent que vous utilisez toujours la version la plus s\u00e9curis\u00e9e et am\u00e9lior\u00e9e de notre logiciel.<\/p>\t\t\t\t\t\t\t\t<\/div>\n\t\t\t\t<\/div>\n\t\t\t\t<div class=\"elementor-element elementor-element-cd06219 elementor-widget__width-initial elementor-widget elementor-widget-heading\" data-id=\"cd06219\" data-element_type=\"widget\" data-widget_type=\"heading.default\">\n\t\t\t\t<div class=\"elementor-widget-container\">\n\t\t\t\t\t<h5 class=\"elementor-heading-title elementor-size-default\">3. Transparence et responsabilit\u00e9\n<\/h5>\t\t\t\t<\/div>\n\t\t\t\t<\/div>\n\t\t\t\t<div class=\"elementor-element elementor-element-18b8590 elementor-widget elementor-widget-text-editor\" data-id=\"18b8590\" data-element_type=\"widget\" data-widget_type=\"text-editor.default\">\n\t\t\t\t<div class=\"elementor-widget-container\">\n\t\t\t\t\t\t\t\t\t<p><strong>Mises \u00e0 jour de la politique :<\/strong> EyeDown s'engage \u00e0 informer ses utilisateurs de toute modification de la politique de confidentialit\u00e9 \u00e0 travers des communications claires et directes, garantissant ainsi que les utilisateurs sont toujours au courant des pratiques de l'entreprise. Nous maintenons une transparence totale sur nos pratiques de confidentialit\u00e9 pour gagner et conserver votre confiance.<\/p><p><strong>Audit et conformit\u00e9 :\u00a0<\/strong>Nous proc\u00e9dons r\u00e9guli\u00e8rement \u00e0 des audits de nos syst\u00e8mes et pratiques de confidentialit\u00e9 pour assurer leur conformit\u00e9 avec les normes internationales de protection des donn\u00e9es et de s\u00e9curit\u00e9 informatique. Nos audits garantissent que nous respectons les normes les plus \u00e9lev\u00e9es en mati\u00e8re de s\u00e9curit\u00e9 des donn\u00e9es.<\/p><p>\u00a0<\/p>\t\t\t\t\t\t\t\t<\/div>\n\t\t\t\t<\/div>\n\t\t\t\t<div class=\"elementor-element elementor-element-cb69b48 elementor-widget__width-initial elementor-invisible elementor-widget elementor-widget-heading\" data-id=\"cb69b48\" data-element_type=\"widget\" data-settings=\"{&quot;_animation&quot;:&quot;fadeInUp&quot;}\" data-widget_type=\"heading.default\">\n\t\t\t\t<div class=\"elementor-widget-container\">\n\t\t\t\t\t<h4 class=\"elementor-heading-title elementor-size-default\">Conditions g\u00e9n\u00e9rales d'utilisation<\/h4>\t\t\t\t<\/div>\n\t\t\t\t<\/div>\n\t\t\t\t<div class=\"elementor-element elementor-element-f3494d3 elementor-widget elementor-widget-text-editor\" data-id=\"f3494d3\" data-element_type=\"widget\" data-widget_type=\"text-editor.default\">\n\t\t\t\t<div class=\"elementor-widget-container\">\n\t\t\t\t\t\t\t\t\t<p>En acc\u00e9dant \u00e0 nos services, vous acceptez de respecter nos <strong>termes et conditions<\/strong>, con\u00e7us pour favoriser une exp\u00e9rience utilisateur s\u00e9curis\u00e9e et l\u00e9gale. EyeDown offre des outils robustes pour assurer votre <strong>anonymat en ligne<\/strong>, et il est de votre responsabilit\u00e9 d'utiliser ces outils dans les limites des lois applicables. Nos termes d\u00e9crivent vos responsabilit\u00e9s, la protection de notre propri\u00e9t\u00e9 intellectuelle, et nos limitations de responsabilit\u00e9. Nous r\u00e9visons et mettons r\u00e9guli\u00e8rement \u00e0 jour ces termes pour rester align\u00e9s avec les <strong>meilleures pratiques et les exigences l\u00e9gales,<\/strong> vous encourageant \u00e0 rester inform\u00e9 de tout changement.<\/p>\t\t\t\t\t\t\t\t<\/div>\n\t\t\t\t<\/div>\n\t\t\t\t<div class=\"elementor-element elementor-element-0750846 elementor-widget__width-initial elementor-widget elementor-widget-heading\" data-id=\"0750846\" data-element_type=\"widget\" data-widget_type=\"heading.default\">\n\t\t\t\t<div class=\"elementor-widget-container\">\n\t\t\t\t\t<h5 class=\"elementor-heading-title elementor-size-default\">1. Accord d'utilisation<\/h5>\t\t\t\t<\/div>\n\t\t\t\t<\/div>\n\t\t\t\t<div class=\"elementor-element elementor-element-4fd2d10 elementor-widget elementor-widget-text-editor\" data-id=\"4fd2d10\" data-element_type=\"widget\" data-widget_type=\"text-editor.default\">\n\t\t\t\t<div class=\"elementor-widget-container\">\n\t\t\t\t\t\t\t\t\t<p><strong>Conformit\u00e9 :<\/strong> Les utilisateurs doivent s'engager \u00e0 utiliser notre logiciel conform\u00e9ment aux lois et r\u00e9glementations en vigueur. EyeDown ne tol\u00e8re aucune utilisation de ses services pour des activit\u00e9s ill\u00e9gales ou malveillantes. Nous vous offrons une gamme compl\u00e8te d'options pour personnaliser votre protection num\u00e9rique tout en respectant les lois.<\/p><p><strong>Responsabilit\u00e9 de l'utilisateur :<\/strong> Les utilisateurs sont responsables de l'utilisation qu'ils font des services EyeDown. En cas d'activit\u00e9 ill\u00e9gale, EyeDown se d\u00e9gage de toute responsabilit\u00e9 pour les actes commis par ses utilisateurs. Nous fournissons des outils puissants pour votre anonymat, mais nous ne pouvons \u00eatre tenus responsables de leur mauvaise utilisation.<\/p>\t\t\t\t\t\t\t\t<\/div>\n\t\t\t\t<\/div>\n\t\t\t\t<div class=\"elementor-element elementor-element-01f16f6 elementor-widget__width-initial elementor-widget elementor-widget-heading\" data-id=\"01f16f6\" data-element_type=\"widget\" data-widget_type=\"heading.default\">\n\t\t\t\t<div class=\"elementor-widget-container\">\n\t\t\t\t\t<h5 class=\"elementor-heading-title elementor-size-default\">2. Droits de propri\u00e9t\u00e9 intellectuelle<\/h5>\t\t\t\t<\/div>\n\t\t\t\t<\/div>\n\t\t\t\t<div class=\"elementor-element elementor-element-8ac9acb elementor-widget elementor-widget-text-editor\" data-id=\"8ac9acb\" data-element_type=\"widget\" data-widget_type=\"text-editor.default\">\n\t\t\t\t<div class=\"elementor-widget-container\">\n\t\t\t\t\t\t\t\t\t<p><strong>Protection des ressources :<\/strong> Tout le contenu, les logos, les graphiques et autres \u00e9l\u00e9ments visuels du logiciel EyeDown sont prot\u00e9g\u00e9s par le droit d'auteur et autres droits de propri\u00e9t\u00e9 intellectuelle. Ils ne peuvent \u00eatre reproduits ou utilis\u00e9s sans autorisation explicite. Notre interface utilisateur et nos ressources visuelles sont con\u00e7ues pour offrir une exp\u00e9rience intuitive et s\u00e9curis\u00e9e.<\/p>\t\t\t\t\t\t\t\t<\/div>\n\t\t\t\t<\/div>\n\t\t\t\t<div class=\"elementor-element elementor-element-fe5f8de elementor-widget__width-initial elementor-widget elementor-widget-heading\" data-id=\"fe5f8de\" data-element_type=\"widget\" data-widget_type=\"heading.default\">\n\t\t\t\t<div class=\"elementor-widget-container\">\n\t\t\t\t\t<h5 class=\"elementor-heading-title elementor-size-default\">3. Limites de responsabilit\u00e9<\/h5>\t\t\t\t<\/div>\n\t\t\t\t<\/div>\n\t\t\t\t<div class=\"elementor-element elementor-element-050bcc8 elementor-widget elementor-widget-text-editor\" data-id=\"050bcc8\" data-element_type=\"widget\" data-widget_type=\"text-editor.default\">\n\t\t\t\t<div class=\"elementor-widget-container\">\n\t\t\t\t\t\t\t\t\t<p><strong>Exclusions de la garantie :<\/strong> EyeDown ne garantit pas que le service sera exempt d'interruptions ou d'erreurs. Les utilisateurs acceptent que l'utilisation du service se fasse \u00e0 leur propre risque. Nous nous effor\u00e7ons de fournir un service fiable et s\u00e9curis\u00e9, mais des interruptions peuvent survenir et nous ne pouvons \u00eatre tenus responsables des cons\u00e9quences.<\/p><p><strong>Limites l\u00e9gales :<\/strong> EyeDown ne sera pas tenu responsable des dommages indirects, accidentels, sp\u00e9ciaux ou cons\u00e9cutifs r\u00e9sultant de l'utilisation ou de l'impossibilit\u00e9 d'utiliser les services. Nos limitations de responsabilit\u00e9 sont con\u00e7ues pour prot\u00e9ger l'entreprise tout en offrant une transparence totale \u00e0 nos utilisateurs.<\/p>\t\t\t\t\t\t\t\t<\/div>\n\t\t\t\t<\/div>\n\t\t\t\t<div class=\"elementor-element elementor-element-c58ff9d elementor-widget__width-initial elementor-widget elementor-widget-heading\" data-id=\"c58ff9d\" data-element_type=\"widget\" data-widget_type=\"heading.default\">\n\t\t\t\t<div class=\"elementor-widget-container\">\n\t\t\t\t\t<h5 class=\"elementor-heading-title elementor-size-default\">4. Modifications des conditions<\/h5>\t\t\t\t<\/div>\n\t\t\t\t<\/div>\n\t\t\t\t<div class=\"elementor-element elementor-element-cfddbcf elementor-widget elementor-widget-text-editor\" data-id=\"cfddbcf\" data-element_type=\"widget\" data-widget_type=\"text-editor.default\">\n\t\t\t\t<div class=\"elementor-widget-container\">\n\t\t\t\t\t\t\t\t\t<p><strong>R\u00e9vision des termes :<\/strong> Les termes et conditions peuvent \u00eatre r\u00e9vis\u00e9s p\u00e9riodiquement pour refl\u00e9ter les changements dans nos pratiques ou dans la l\u00e9gislation applicable. Les utilisateurs sont encourag\u00e9s \u00e0 revoir ces termes r\u00e9guli\u00e8rement pour rester inform\u00e9s des changements. Nous nous engageons \u00e0 informer nos utilisateurs de toute mise \u00e0 jour de mani\u00e8re proactive et transparente.<\/p><p>\u00a0<\/p>\t\t\t\t\t\t\t\t<\/div>\n\t\t\t\t<\/div>\n\t\t\t\t<div class=\"elementor-element elementor-element-db72806 elementor-widget__width-initial elementor-invisible elementor-widget elementor-widget-heading\" data-id=\"db72806\" data-element_type=\"widget\" data-settings=\"{&quot;_animation&quot;:&quot;fadeInUp&quot;}\" data-widget_type=\"heading.default\">\n\t\t\t\t<div class=\"elementor-widget-container\">\n\t\t\t\t\t<h4 class=\"elementor-heading-title elementor-size-default\">Conclusion<\/h4>\t\t\t\t<\/div>\n\t\t\t\t<\/div>\n\t\t\t\t<div class=\"elementor-element elementor-element-60a8982 elementor-widget elementor-widget-text-editor\" data-id=\"60a8982\" data-element_type=\"widget\" data-widget_type=\"text-editor.default\">\n\t\t\t\t<div class=\"elementor-widget-container\">\n\t\t\t\t\t\t\t\t\t<p>EyeDown prend tr\u00e8s au s\u00e9rieux <strong>la protection de la vie priv\u00e9e et la s\u00e9curit\u00e9<\/strong> de ses utilisateurs. Nous nous engageons \u00e0 offrir un service qui non seulement respecte mais aussi <strong>renforce<\/strong> le droit \u00e0 la confidentialit\u00e9 personnelle. Pour toutes questions ou pour obtenir des informations suppl\u00e9mentaires, veuillez contacter notre <strong>support client<\/strong>. Votre confiance en EyeDown est notre priorit\u00e9 absolue, et nous nous engageons \u00e0 maintenir les plus hauts <strong>standards de s\u00e9curit\u00e9 et de protection de la vie priv\u00e9e<\/strong>. Rejoignez notre communaut\u00e9 sur Telegram pour un <strong>support continu et des mises \u00e0 jour r\u00e9guli\u00e8res<\/strong> sur les meilleures pratiques en mati\u00e8re de protection de la vie priv\u00e9e.<\/p>\t\t\t\t\t\t\t\t<\/div>\n\t\t\t\t<\/div>\n\t\t\t\t\t<\/div>\n\t\t\t\t<\/div>\n\t\t\t\t<\/div>","protected":false},"excerpt":{"rendered":"<p>Politique de confidentialit\u00e9 et conditions g\u00e9n\u00e9rales d'EyeDown Chez EyeDown, notre mission est de fournir un environnement en ligne s\u00e9curis\u00e9 et totalement anonyme. [...]<\/p>","protected":false},"author":1,"featured_media":0,"parent":0,"menu_order":0,"comment_status":"closed","ping_status":"closed","template":"","meta":{"_seopress_robots_primary_cat":"","_seopress_titles_title":"","_seopress_titles_desc":"Browse with complete anonymity and security at EyeDown. Our zero-logs policy ensures total privacy while advanced encryption keeps you safe online.","_seopress_robots_index":"","footnotes":""},"class_list":["post-614","page","type-page","status-publish","hentry"],"jetpack_sharing_enabled":true,"_links":{"self":[{"href":"https:\/\/eyedown.org\/fr\/wp-json\/wp\/v2\/pages\/614","targetHints":{"allow":["GET"]}}],"collection":[{"href":"https:\/\/eyedown.org\/fr\/wp-json\/wp\/v2\/pages"}],"about":[{"href":"https:\/\/eyedown.org\/fr\/wp-json\/wp\/v2\/types\/page"}],"author":[{"embeddable":true,"href":"https:\/\/eyedown.org\/fr\/wp-json\/wp\/v2\/users\/1"}],"replies":[{"embeddable":true,"href":"https:\/\/eyedown.org\/fr\/wp-json\/wp\/v2\/comments?post=614"}],"version-history":[{"count":12,"href":"https:\/\/eyedown.org\/fr\/wp-json\/wp\/v2\/pages\/614\/revisions"}],"predecessor-version":[{"id":1694,"href":"https:\/\/eyedown.org\/fr\/wp-json\/wp\/v2\/pages\/614\/revisions\/1694"}],"wp:attachment":[{"href":"https:\/\/eyedown.org\/fr\/wp-json\/wp\/v2\/media?parent=614"}],"curies":[{"name":"wp","href":"https:\/\/api.w.org\/{rel}","templated":true}]}}