{"id":545,"date":"2024-04-17T09:35:34","date_gmt":"2024-04-17T09:35:34","guid":{"rendered":"https:\/\/eyedown.org\/?post_type=product&#038;p=545"},"modified":"2024-05-24T18:37:44","modified_gmt":"2024-05-24T18:37:44","slug":"eyedown-software-1-year-licence","status":"publish","type":"product","link":"https:\/\/eyedown.org\/fr\/produit\/eyedown-software-1-year-licence\/","title":{"rendered":"Licence EyeDown d'1 an - Paiement en carte bancaire"},"content":{"rendered":"<p>Eyedown Software est sp\u00e9cialement con\u00e7u pour les personnes qui souhaitent prot\u00e9ger leur identit\u00e9\nnum\u00e9rique en ligne.\nEn anonymisant totalement votre connexion et votre machine, Eyedown Software vous rend\nintra\u00e7able.\nEyedown configure tous les processus n\u00e9cessaires \u00e0 l'anonymisation totale de l'ordinateur, tels que :<\/p>\n<ul>\n<li>Changement de tous les num\u00e9ros de s\u00e9rie de l'ordinateur.<\/li>\n<li>D\u00e9sactivation compl\u00e8te de la surveillance de Windows et des logiciels pr\u00e9install\u00e9s.<\/li>\n<li>Plusieurs solutions de navigation sur le web dont les param\u00e8tres sont configur\u00e9s avec Eyedown qui assure une anonymisation totale et rend impossible l'identification, le suivi et la collecte de donn\u00e9es.<\/li>\n<li>D\u00e9sactivation et configuration de tous les protocoles Windows susceptibles de pr\u00e9senter une faille de s\u00e9curit\u00e9.<\/li>\n<li>Chiffrement du disque interne.<\/li>\n<li>Configuration des machines virtuelles pour les isoler du noyau.<\/li>\n<li>Adresses \u00e9lectroniques jetables, photos\/identit\u00e9s directement int\u00e9gr\u00e9es dans le logiciel.<\/li>\n<li>Nettoyage optimis\u00e9 des machines pour la protection des donn\u00e9es.<\/li>\n<li>Une bo\u00eete \u00e0 outils compos\u00e9e de logiciels int\u00e9gr\u00e9s qui anonymisent chaque secteur sp\u00e9cifique (photos, audios, crypto, etc.).<\/li>\n<\/ul>","protected":false},"excerpt":{"rendered":"<p>Eyedown est une solution logicielle robuste d\u00e9di\u00e9e \u00e0 la protection de votre vie priv\u00e9e en ligne. Offrant un anonymat in\u00e9gal\u00e9, Eyedown vous permet de naviguer sur Internet, d'utiliser votre syst\u00e8me d'exploitation et d'acc\u00e9der \u00e0 votre disque dur sans laisser d'empreinte num\u00e9rique.<\/p>","protected":false},"featured_media":1684,"comment_status":"open","ping_status":"closed","template":"","meta":{"_seopress_robots_primary_cat":"","_seopress_titles_title":"","_seopress_titles_desc":"","_seopress_robots_index":""},"product_brand":[],"product_cat":[18],"product_tag":[],"class_list":{"0":"post-545","1":"product","2":"type-product","3":"status-publish","4":"has-post-thumbnail","6":"product_cat-eyedown","8":"first","9":"instock","10":"sale","11":"shipping-taxable","12":"purchasable","13":"product-type-subscription"},"jetpack_sharing_enabled":true,"_links":{"self":[{"href":"https:\/\/eyedown.org\/fr\/wp-json\/wp\/v2\/product\/545","targetHints":{"allow":["GET"]}}],"collection":[{"href":"https:\/\/eyedown.org\/fr\/wp-json\/wp\/v2\/product"}],"about":[{"href":"https:\/\/eyedown.org\/fr\/wp-json\/wp\/v2\/types\/product"}],"replies":[{"embeddable":true,"href":"https:\/\/eyedown.org\/fr\/wp-json\/wp\/v2\/comments?post=545"}],"wp:featuredmedia":[{"embeddable":true,"href":"https:\/\/eyedown.org\/fr\/wp-json\/wp\/v2\/media\/1684"}],"wp:attachment":[{"href":"https:\/\/eyedown.org\/fr\/wp-json\/wp\/v2\/media?parent=545"}],"wp:term":[{"taxonomy":"product_brand","embeddable":true,"href":"https:\/\/eyedown.org\/fr\/wp-json\/wp\/v2\/product_brand?post=545"},{"taxonomy":"product_cat","embeddable":true,"href":"https:\/\/eyedown.org\/fr\/wp-json\/wp\/v2\/product_cat?post=545"},{"taxonomy":"product_tag","embeddable":true,"href":"https:\/\/eyedown.org\/fr\/wp-json\/wp\/v2\/product_tag?post=545"}],"curies":[{"name":"wp","href":"https:\/\/api.w.org\/{rel}","templated":true}]}}